{"id":42,"date":"2021-05-04T21:41:31","date_gmt":"2021-05-04T19:41:31","guid":{"rendered":"https:\/\/www.residencenevenka.com\/demo\/?page_id=42"},"modified":"2025-04-04T16:21:37","modified_gmt":"2025-04-04T14:21:37","slug":"home","status":"publish","type":"page","link":"https:\/\/www.residencenevenka.com\/it\/","title":{"rendered":"Home"},"content":{"rendered":"\n<section class=\"nevenka_slider\">\n\t<!-- Swiper -->\n\t<div class=\"swiper-container\">\n\t\t<div class=\"swiper-title\">\n\t\t\t<div class=\"container-fluid\">\n\t\t\t\t<h1 class=\"mask\"><span>La bellezza non ha compromessi.<\/span><\/h1>\n\t\t\t\t<div class=\"subtext mask\"><span>Affacciato sull&#8217;incantevole baia di Rovenska a Veli Lo\u0161inj, il Residence Nevenka \u00e8 pronto ad offrirvi momenti di autentico relax.<\/span><\/div>\n\t\t\t<\/div>\n\t\t<\/div>\n\t\t\t\t<div class=\"swiper-wrapper\">\n\t\t\t\t\t\t<div class=\"swiper-slide\">\n\t\t\t\t<img loading=\"lazy\" decoding=\"async\" width=\"2000\" height=\"1500\" src=\"https:\/\/www.residencenevenka.com\/wp-content\/uploads\/2024\/06\/aeree-rovenska-2024-00006.jpg\" class=\"attachment-full size-full\" alt=\"\" srcset=\"https:\/\/www.residencenevenka.com\/wp-content\/uploads\/2024\/06\/aeree-rovenska-2024-00006.jpg 2000w, https:\/\/www.residencenevenka.com\/wp-content\/uploads\/2024\/06\/aeree-rovenska-2024-00006-1024x768.jpg 1024w, https:\/\/www.residencenevenka.com\/wp-content\/uploads\/2024\/06\/aeree-rovenska-2024-00006-1400x1050.jpg 1400w, https:\/\/www.residencenevenka.com\/wp-content\/uploads\/2024\/06\/aeree-rovenska-2024-00006-768x576.jpg 768w, https:\/\/www.residencenevenka.com\/wp-content\/uploads\/2024\/06\/aeree-rovenska-2024-00006-1536x1152.jpg 1536w\" sizes=\"auto, (max-width: 2000px) 100vw, 2000px\" \/>\t\t\t<\/div>\n\t\t\t\t\t\t<div class=\"swiper-slide\">\n\t\t\t\t<img loading=\"lazy\" decoding=\"async\" width=\"2000\" height=\"1500\" src=\"https:\/\/www.residencenevenka.com\/wp-content\/uploads\/2024\/06\/aeree-rovenska-2024-00009.jpg\" class=\"attachment-full size-full\" alt=\"\" srcset=\"https:\/\/www.residencenevenka.com\/wp-content\/uploads\/2024\/06\/aeree-rovenska-2024-00009.jpg 2000w, https:\/\/www.residencenevenka.com\/wp-content\/uploads\/2024\/06\/aeree-rovenska-2024-00009-1024x768.jpg 1024w, https:\/\/www.residencenevenka.com\/wp-content\/uploads\/2024\/06\/aeree-rovenska-2024-00009-1400x1050.jpg 1400w, https:\/\/www.residencenevenka.com\/wp-content\/uploads\/2024\/06\/aeree-rovenska-2024-00009-768x576.jpg 768w, https:\/\/www.residencenevenka.com\/wp-content\/uploads\/2024\/06\/aeree-rovenska-2024-00009-1536x1152.jpg 1536w\" sizes=\"auto, (max-width: 2000px) 100vw, 2000px\" \/>\t\t\t<\/div>\n\t\t\t\t\t\t<div class=\"swiper-slide\">\n\t\t\t\t<img loading=\"lazy\" decoding=\"async\" width=\"2000\" height=\"1500\" src=\"https:\/\/www.residencenevenka.com\/wp-content\/uploads\/2024\/05\/23599617.jpg\" class=\"attachment-full size-full\" alt=\"\" srcset=\"https:\/\/www.residencenevenka.com\/wp-content\/uploads\/2024\/05\/23599617.jpg 2000w, https:\/\/www.residencenevenka.com\/wp-content\/uploads\/2024\/05\/23599617-1024x768.jpg 1024w, https:\/\/www.residencenevenka.com\/wp-content\/uploads\/2024\/05\/23599617-1400x1050.jpg 1400w, https:\/\/www.residencenevenka.com\/wp-content\/uploads\/2024\/05\/23599617-768x576.jpg 768w, https:\/\/www.residencenevenka.com\/wp-content\/uploads\/2024\/05\/23599617-1536x1152.jpg 1536w\" sizes=\"auto, (max-width: 2000px) 100vw, 2000px\" \/>\t\t\t<\/div>\n\t\t\t\t\t\t<div class=\"swiper-slide\">\n\t\t\t\t<img loading=\"lazy\" decoding=\"async\" width=\"2000\" height=\"1333\" src=\"https:\/\/www.residencenevenka.com\/wp-content\/uploads\/2024\/05\/13058.jpg\" class=\"attachment-full size-full\" alt=\"\" srcset=\"https:\/\/www.residencenevenka.com\/wp-content\/uploads\/2024\/05\/13058.jpg 2000w, https:\/\/www.residencenevenka.com\/wp-content\/uploads\/2024\/05\/13058-1024x682.jpg 1024w, https:\/\/www.residencenevenka.com\/wp-content\/uploads\/2024\/05\/13058-1400x933.jpg 1400w, https:\/\/www.residencenevenka.com\/wp-content\/uploads\/2024\/05\/13058-768x512.jpg 768w, https:\/\/www.residencenevenka.com\/wp-content\/uploads\/2024\/05\/13058-1536x1024.jpg 1536w\" sizes=\"auto, (max-width: 2000px) 100vw, 2000px\" \/>\t\t\t<\/div>\n\t\t\t\t\t<\/div>\n\t\t\t\t<!-- Add Pagination -->\n\t\t<div class=\"swiper-pagination\"><\/div>\n\t<\/div>\n<\/section>\n\n\n<section class=\"imagetext\">\n\t<div class=\"container-fluid m-0 p-0\">\n\t\t<div class=\"row no-gutters\">\n\t\t\t<div class=\"left_col col-lg-6\">\n\t\t\t\t\t\t\t\t\t\t\t\t\t\t\t\n\t\t\t\t\t\t<div class=\"fadeup\">\n\t\t\t\t\t\t\t<h2>Il Residence<\/h2>\n\t\t\t\t\t\t\t<div class=\"text\">\n\t\t\t\t\t\t\t\t<p><p>Affacciato sulla pittoresca baia di Rovenska a Lussingrande, circondato da una centenaria pineta ai piedi di una dolce collina, il Residence Nevenka \u00e8 un luogo accogliente e confortevole che offre ospitalit\u00e0 grazie ai suoi ambienti comodi ed eleganti. Nelle aree esterne ci sono ampi spazi vivibili comuni dove potrete trovare una cucina open-air completamente attrezzata, un barbecue in muratura, tavoli e sedie a sdraio per momenti di autentico relax. Un luogo che rappresenta un punto di incontro per grandi e piccini che possono socializzare e giocare in tutta sicurezza e tranquillit\u00e0.<\/p>\n<\/p>\n\t\t\t\t\t\t\t\t\t\t\t\t\t\t\t\t\t\t\t\t\t\t\t\t\n\t\t\t\t\t\t\t\t\t\t\t\t\t\t\t\t<!-- Slider main container -->\n\t\t\t\t\t\t\t\t<div class=\"swiper gallery mySwiper\">\n\t\t\t\t\t\t\t\t\t<!-- Additional required wrapper -->\n\t\t\t\t\t\t\t\t\t<div class=\"swiper-wrapper\">\n\t\t\t\t\t\t\t\t\t\t<!-- Slides -->\n\t\t\t\t\t\t\t\t\t\t\t\t\t\t\t\t\t\t\t\t<div class=\"swiper-slide\">\n\t\t\t\t\t\t\t\t\t\t\t<img loading=\"lazy\" decoding=\"async\" width=\"1024\" height=\"768\" src=\"https:\/\/www.residencenevenka.com\/wp-content\/uploads\/2024\/06\/esterni-nevenka-2024-00040-1024x768.jpg\" class=\"attachment-medium size-medium\" alt=\"\" srcset=\"https:\/\/www.residencenevenka.com\/wp-content\/uploads\/2024\/06\/esterni-nevenka-2024-00040-1024x768.jpg 1024w, https:\/\/www.residencenevenka.com\/wp-content\/uploads\/2024\/06\/esterni-nevenka-2024-00040-1400x1050.jpg 1400w, https:\/\/www.residencenevenka.com\/wp-content\/uploads\/2024\/06\/esterni-nevenka-2024-00040-768x576.jpg 768w, https:\/\/www.residencenevenka.com\/wp-content\/uploads\/2024\/06\/esterni-nevenka-2024-00040-1536x1152.jpg 1536w, https:\/\/www.residencenevenka.com\/wp-content\/uploads\/2024\/06\/esterni-nevenka-2024-00040.jpg 2000w\" sizes=\"auto, (max-width: 1024px) 100vw, 1024px\" \/>\t\t\t\t\t\t\t\t\t\t<\/div>\n\t\t\t\t\t\t\t\t\t\t\t\t\t\t\t\t\t\t\t\t<div class=\"swiper-slide\">\n\t\t\t\t\t\t\t\t\t\t\t<img loading=\"lazy\" decoding=\"async\" width=\"1024\" height=\"680\" src=\"https:\/\/www.residencenevenka.com\/wp-content\/uploads\/2024\/06\/esterni-nevenka-2024-00016-1024x680.jpg\" class=\"attachment-medium size-medium\" alt=\"\" srcset=\"https:\/\/www.residencenevenka.com\/wp-content\/uploads\/2024\/06\/esterni-nevenka-2024-00016-1024x680.jpg 1024w, https:\/\/www.residencenevenka.com\/wp-content\/uploads\/2024\/06\/esterni-nevenka-2024-00016-1400x930.jpg 1400w, https:\/\/www.residencenevenka.com\/wp-content\/uploads\/2024\/06\/esterni-nevenka-2024-00016-768x510.jpg 768w, https:\/\/www.residencenevenka.com\/wp-content\/uploads\/2024\/06\/esterni-nevenka-2024-00016-1536x1021.jpg 1536w, https:\/\/www.residencenevenka.com\/wp-content\/uploads\/2024\/06\/esterni-nevenka-2024-00016.jpg 2000w\" sizes=\"auto, (max-width: 1024px) 100vw, 1024px\" \/>\t\t\t\t\t\t\t\t\t\t<\/div>\n\t\t\t\t\t\t\t\t\t\t\t\t\t\t\t\t\t\t\t\t<div class=\"swiper-slide\">\n\t\t\t\t\t\t\t\t\t\t\t<img loading=\"lazy\" decoding=\"async\" width=\"1024\" height=\"681\" src=\"https:\/\/www.residencenevenka.com\/wp-content\/uploads\/2024\/06\/esterni-nevenka-2024-00015-1024x681.jpg\" class=\"attachment-medium size-medium\" alt=\"\" srcset=\"https:\/\/www.residencenevenka.com\/wp-content\/uploads\/2024\/06\/esterni-nevenka-2024-00015-1024x681.jpg 1024w, https:\/\/www.residencenevenka.com\/wp-content\/uploads\/2024\/06\/esterni-nevenka-2024-00015-1400x932.jpg 1400w, https:\/\/www.residencenevenka.com\/wp-content\/uploads\/2024\/06\/esterni-nevenka-2024-00015-768x511.jpg 768w, https:\/\/www.residencenevenka.com\/wp-content\/uploads\/2024\/06\/esterni-nevenka-2024-00015-1536x1022.jpg 1536w, https:\/\/www.residencenevenka.com\/wp-content\/uploads\/2024\/06\/esterni-nevenka-2024-00015.jpg 2000w\" sizes=\"auto, (max-width: 1024px) 100vw, 1024px\" \/>\t\t\t\t\t\t\t\t\t\t<\/div>\n\t\t\t\t\t\t\t\t\t\t\t\t\t\t\t\t\t\t\t\t<div class=\"swiper-slide\">\n\t\t\t\t\t\t\t\t\t\t\t<img loading=\"lazy\" decoding=\"async\" width=\"1024\" height=\"682\" src=\"https:\/\/www.residencenevenka.com\/wp-content\/uploads\/2024\/06\/esterni-nevenka-2024-00023-1024x682.jpg\" class=\"attachment-medium size-medium\" alt=\"\" srcset=\"https:\/\/www.residencenevenka.com\/wp-content\/uploads\/2024\/06\/esterni-nevenka-2024-00023-1024x682.jpg 1024w, https:\/\/www.residencenevenka.com\/wp-content\/uploads\/2024\/06\/esterni-nevenka-2024-00023-1400x932.jpg 1400w, https:\/\/www.residencenevenka.com\/wp-content\/uploads\/2024\/06\/esterni-nevenka-2024-00023-768x511.jpg 768w, https:\/\/www.residencenevenka.com\/wp-content\/uploads\/2024\/06\/esterni-nevenka-2024-00023-1536x1023.jpg 1536w, https:\/\/www.residencenevenka.com\/wp-content\/uploads\/2024\/06\/esterni-nevenka-2024-00023.jpg 2000w\" sizes=\"auto, (max-width: 1024px) 100vw, 1024px\" \/>\t\t\t\t\t\t\t\t\t\t<\/div>\n\t\t\t\t\t\t\t\t\t\t\t\t\t\t\t\t\t\t\t\t<div class=\"swiper-slide\">\n\t\t\t\t\t\t\t\t\t\t\t<img loading=\"lazy\" decoding=\"async\" width=\"1024\" height=\"683\" src=\"https:\/\/www.residencenevenka.com\/wp-content\/uploads\/2024\/06\/esterni-nevenka-2024-00019-1024x683.jpg\" class=\"attachment-medium size-medium\" alt=\"\" srcset=\"https:\/\/www.residencenevenka.com\/wp-content\/uploads\/2024\/06\/esterni-nevenka-2024-00019-1024x683.jpg 1024w, https:\/\/www.residencenevenka.com\/wp-content\/uploads\/2024\/06\/esterni-nevenka-2024-00019-1400x934.jpg 1400w, https:\/\/www.residencenevenka.com\/wp-content\/uploads\/2024\/06\/esterni-nevenka-2024-00019-768x512.jpg 768w, https:\/\/www.residencenevenka.com\/wp-content\/uploads\/2024\/06\/esterni-nevenka-2024-00019-1536x1025.jpg 1536w, https:\/\/www.residencenevenka.com\/wp-content\/uploads\/2024\/06\/esterni-nevenka-2024-00019.jpg 2000w\" sizes=\"auto, (max-width: 1024px) 100vw, 1024px\" \/>\t\t\t\t\t\t\t\t\t\t<\/div>\n\t\t\t\t\t\t\t\t\t\t\t\t\t\t\t\t\t\t\t<\/div>\n\t\t\t\t\t\t\t\t\t<!-- Add Pagination -->\n\t\t\t\t\t\t\t\t\t<div class=\"swiper-pagination\"><\/div>\n\t\t\t\t\t\t\t\t<\/div>\n\t\t\t\t\t\t\t\t\t\t\t\t\t\t\t\t\n\t\t\t\t\t\t\t\t\t\t\t\t\t\t\t<\/div>\n\t\t\t\t\t\t<\/div>\n\t\t\t\t\t\t\t\t\t\t\t\n\t\t\t\t\t\t<div class=\"fadeup\">\n\t\t\t\t\t\t\t<h2>Lussingrande e la baia di Rovenska<\/h2>\n\t\t\t\t\t\t\t<div class=\"text\">\n\t\t\t\t\t\t\t\t<p><p>Lussingrande (in croato Veli Lo\u0161inj) \u00e8 un piccolo villaggio nell\u2019isola di Lussino, situato nella parte meridionale dell\u2019arcipelago del Quarnero. Fa parte del comune di Lussinpiccolo (Mali Lo\u0161inj) e si affaccia su due incantevoli baie: la baia di Lussingrande e quella di Rovenska dove si trova il Residence Nevenka.<\/p>\n<\/p>\n\t\t\t\t\t\t\t\t\t\t\t\t\t\t\t\t\t\t\t\t\t\t\t\t\n\t\t\t\t\t\t\t\t\t\t\t\t\t\t\t\t<!-- Slider main container -->\n\t\t\t\t\t\t\t\t<div class=\"swiper gallery mySwiper\">\n\t\t\t\t\t\t\t\t\t<!-- Additional required wrapper -->\n\t\t\t\t\t\t\t\t\t<div class=\"swiper-wrapper\">\n\t\t\t\t\t\t\t\t\t\t<!-- Slides -->\n\t\t\t\t\t\t\t\t\t\t\t\t\t\t\t\t\t\t\t\t<div class=\"swiper-slide\">\n\t\t\t\t\t\t\t\t\t\t\t<img loading=\"lazy\" decoding=\"async\" width=\"1024\" height=\"768\" src=\"https:\/\/www.residencenevenka.com\/wp-content\/uploads\/2024\/06\/aeree-rovenska-2024-00006-1024x768.jpg\" class=\"attachment-medium size-medium\" alt=\"\" srcset=\"https:\/\/www.residencenevenka.com\/wp-content\/uploads\/2024\/06\/aeree-rovenska-2024-00006-1024x768.jpg 1024w, https:\/\/www.residencenevenka.com\/wp-content\/uploads\/2024\/06\/aeree-rovenska-2024-00006-1400x1050.jpg 1400w, https:\/\/www.residencenevenka.com\/wp-content\/uploads\/2024\/06\/aeree-rovenska-2024-00006-768x576.jpg 768w, https:\/\/www.residencenevenka.com\/wp-content\/uploads\/2024\/06\/aeree-rovenska-2024-00006-1536x1152.jpg 1536w, https:\/\/www.residencenevenka.com\/wp-content\/uploads\/2024\/06\/aeree-rovenska-2024-00006.jpg 2000w\" sizes=\"auto, (max-width: 1024px) 100vw, 1024px\" \/>\t\t\t\t\t\t\t\t\t\t<\/div>\n\t\t\t\t\t\t\t\t\t\t\t\t\t\t\t\t\t\t\t\t<div class=\"swiper-slide\">\n\t\t\t\t\t\t\t\t\t\t\t<img loading=\"lazy\" decoding=\"async\" width=\"1024\" height=\"768\" src=\"https:\/\/www.residencenevenka.com\/wp-content\/uploads\/2024\/06\/aeree-rovenska-2024-00009-1024x768.jpg\" class=\"attachment-medium size-medium\" alt=\"\" srcset=\"https:\/\/www.residencenevenka.com\/wp-content\/uploads\/2024\/06\/aeree-rovenska-2024-00009-1024x768.jpg 1024w, https:\/\/www.residencenevenka.com\/wp-content\/uploads\/2024\/06\/aeree-rovenska-2024-00009-1400x1050.jpg 1400w, https:\/\/www.residencenevenka.com\/wp-content\/uploads\/2024\/06\/aeree-rovenska-2024-00009-768x576.jpg 768w, https:\/\/www.residencenevenka.com\/wp-content\/uploads\/2024\/06\/aeree-rovenska-2024-00009-1536x1152.jpg 1536w, https:\/\/www.residencenevenka.com\/wp-content\/uploads\/2024\/06\/aeree-rovenska-2024-00009.jpg 2000w\" sizes=\"auto, (max-width: 1024px) 100vw, 1024px\" \/>\t\t\t\t\t\t\t\t\t\t<\/div>\n\t\t\t\t\t\t\t\t\t\t\t\t\t\t\t\t\t\t\t\t<div class=\"swiper-slide\">\n\t\t\t\t\t\t\t\t\t\t\t<img loading=\"lazy\" decoding=\"async\" width=\"1024\" height=\"768\" src=\"https:\/\/www.residencenevenka.com\/wp-content\/uploads\/2024\/06\/aeree-rovenska-2024-00018-1024x768.jpg\" class=\"attachment-medium size-medium\" alt=\"\" srcset=\"https:\/\/www.residencenevenka.com\/wp-content\/uploads\/2024\/06\/aeree-rovenska-2024-00018-1024x768.jpg 1024w, https:\/\/www.residencenevenka.com\/wp-content\/uploads\/2024\/06\/aeree-rovenska-2024-00018-1400x1050.jpg 1400w, https:\/\/www.residencenevenka.com\/wp-content\/uploads\/2024\/06\/aeree-rovenska-2024-00018-768x576.jpg 768w, https:\/\/www.residencenevenka.com\/wp-content\/uploads\/2024\/06\/aeree-rovenska-2024-00018-1536x1152.jpg 1536w, https:\/\/www.residencenevenka.com\/wp-content\/uploads\/2024\/06\/aeree-rovenska-2024-00018.jpg 2000w\" sizes=\"auto, (max-width: 1024px) 100vw, 1024px\" \/>\t\t\t\t\t\t\t\t\t\t<\/div>\n\t\t\t\t\t\t\t\t\t\t\t\t\t\t\t\t\t\t\t\t<div class=\"swiper-slide\">\n\t\t\t\t\t\t\t\t\t\t\t<img loading=\"lazy\" decoding=\"async\" width=\"1024\" height=\"768\" src=\"https:\/\/www.residencenevenka.com\/wp-content\/uploads\/2024\/05\/23599617-1024x768.jpg\" class=\"attachment-medium size-medium\" alt=\"\" srcset=\"https:\/\/www.residencenevenka.com\/wp-content\/uploads\/2024\/05\/23599617-1024x768.jpg 1024w, https:\/\/www.residencenevenka.com\/wp-content\/uploads\/2024\/05\/23599617-1400x1050.jpg 1400w, https:\/\/www.residencenevenka.com\/wp-content\/uploads\/2024\/05\/23599617-768x576.jpg 768w, https:\/\/www.residencenevenka.com\/wp-content\/uploads\/2024\/05\/23599617-1536x1152.jpg 1536w, https:\/\/www.residencenevenka.com\/wp-content\/uploads\/2024\/05\/23599617.jpg 2000w\" sizes=\"auto, (max-width: 1024px) 100vw, 1024px\" \/>\t\t\t\t\t\t\t\t\t\t<\/div>\n\t\t\t\t\t\t\t\t\t\t\t\t\t\t\t\t\t\t\t<\/div>\n\t\t\t\t\t\t\t\t\t<!-- Add Pagination -->\n\t\t\t\t\t\t\t\t\t<div class=\"swiper-pagination\"><\/div>\n\t\t\t\t\t\t\t\t<\/div>\n\t\t\t\t\t\t\t\t\t\t\t\t\t\t\t\t\n\t\t\t\t\t\t\t\t\t\t\t\t\t\t\t\t<a class=\"cta\" href=\"https:\/\/www.residencenevenka.com\/it\/lussino\/\">\n\t\t\t\t\t\t\t\t\tScopri Lussino\t\t\t\t\t\t\t\t<\/a>\n\t\t\t\t\t\t\t\t\t\t\t\t\t\t\t<\/div>\n\t\t\t\t\t\t<\/div>\n\t\t\t\t\t\t\t\t\t\t\t\n\t\t\t\t\t\t<div class=\"fadeup\">\n\t\t\t\t\t\t\t<h2>Gli appartamenti e le camere<\/h2>\n\t\t\t\t\t\t\t<div class=\"text\">\n\t\t\t\t\t\t\t\t<p><p>Il residence Nevenka dispone di camere matrimoniali e mini appartamenti finemente arredati in grado di offrire tutti i comfort essenziali: aria condizionata, riscaldamento, tv satellitare, wi-fi, cassaforte, phon, mini bar nelle camere e cucina corredata ed attrezzata negli appartamenti. Affacciati sul pittoresco porto di Lussingrande sono disponibili gli appartamenti Astra e Aquarius che possono ospitare fino a 4 persone ciascuno.<\/p>\n<\/p>\n\t\t\t\t\t\t\t\t\t\t\t\t\t\t\t\t\t\t\t\t\t\t\t\t<img decoding=\"async\" src=\"https:\/\/www.residencenevenka.com\/wp-content\/uploads\/2023\/06\/IMG_0541-1024x611.jpeg\">\n\t\t\t\t\t\t\t\t\t\t\t\t\t\t\t\t\n\t\t\t\t\t\t\t\t\t\t\t\t\t\t\t\t\n\t\t\t\t\t\t\t\t\t\t\t\t\t\t\t\t<a class=\"cta\" href=\"https:\/\/www.residencenevenka.com\/it\/appartamenti-e-camere\/\">\n\t\t\t\t\t\t\t\t\tGuarda gli appartamenti\t\t\t\t\t\t\t\t<\/a>\n\t\t\t\t\t\t\t\t\t\t\t\t\t\t\t<\/div>\n\t\t\t\t\t\t<\/div>\n\t\t\t\t\t\t\t\t\t\t\t\n\t\t\t\t\t\t<div class=\"fadeup\">\n\t\t\t\t\t\t\t<h2>I nostri mezzi di trasporto<\/h2>\n\t\t\t\t\t\t\t<div class=\"text\">\n\t\t\t\t\t\t\t\t<p><p>Rovenska \u00e8 il paradiso della tranquillit\u00e0 e del silenzio. \u00c8 un luogo interdetto ai mezzi privati e per raggiungerla sono necessari particolari mezzi di trasporto. \u201cApe dell\u2019amore\u201d \u00e8 il mezzo di trasporto ufficiale del Residence Nevenka. Gestiamo in prima persona l\u2019accoglienza degli ospiti dall\u2019arrivo alla partenza.<\/p>\n<\/p>\n\t\t\t\t\t\t\t\t\t\t\t\t\t\t\t\t\t\t\t\t\t\t\t\t<img decoding=\"async\" src=\"https:\/\/www.residencenevenka.com\/wp-content\/uploads\/2024\/05\/ape-dell-amore-682x1024.jpg\">\n\t\t\t\t\t\t\t\t\t\t\t\t\t\t\t\t\n\t\t\t\t\t\t\t\t\t\t\t\t\t\t\t\t\n\t\t\t\t\t\t\t\t\t\t\t\t\t\t\t<\/div>\n\t\t\t\t\t\t<\/div>\n\t\t\t\t\t\t\t\t\t\t\t\t<\/div>\n\t\t\t<div class=\"right_col col-lg-6\">\t\n\t\t\t\t<div class=\"image nvk_mask\">\t\t\n\t\t\t\t\t<img loading=\"lazy\" decoding=\"async\" width=\"682\" height=\"1024\" src=\"https:\/\/www.residencenevenka.com\/wp-content\/uploads\/2024\/06\/esterni-nevenka-2024-00032-edit-682x1024.jpg\" class=\"attachment-medium size-medium\" alt=\"\" srcset=\"https:\/\/www.residencenevenka.com\/wp-content\/uploads\/2024\/06\/esterni-nevenka-2024-00032-edit-682x1024.jpg 682w, https:\/\/www.residencenevenka.com\/wp-content\/uploads\/2024\/06\/esterni-nevenka-2024-00032-edit-720x1080.jpg 720w, https:\/\/www.residencenevenka.com\/wp-content\/uploads\/2024\/06\/esterni-nevenka-2024-00032-edit-768x1152.jpg 768w, https:\/\/www.residencenevenka.com\/wp-content\/uploads\/2024\/06\/esterni-nevenka-2024-00032-edit-1024x1536.jpg 1024w, https:\/\/www.residencenevenka.com\/wp-content\/uploads\/2024\/06\/esterni-nevenka-2024-00032-edit.jpg 1333w\" sizes=\"auto, (max-width: 682px) 100vw, 682px\" \/>\t\t\t\t<\/div>\n\t\t\t<\/div>\n\t\t<\/div>\n\t<\/div>\n<\/section>\n\n\n<section class=\"separatorimage\">\n\t<div class=\"container-fluid m-0 p-0\">\n\t\t<div class=\"fullimg\">\n\t\t\t<img loading=\"lazy\" decoding=\"async\" width=\"2560\" height=\"1311\" src=\"https:\/\/www.residencenevenka.com\/wp-content\/uploads\/2024\/05\/sunset-over-the-ocean-as-seen-from-a-hill-on-an-island-a-seaside-town-on-an-island-summer-travel_t20_7l2Ba4-scaled-1.jpg\" class=\"attachment-full size-full\" alt=\"\" srcset=\"https:\/\/www.residencenevenka.com\/wp-content\/uploads\/2024\/05\/sunset-over-the-ocean-as-seen-from-a-hill-on-an-island-a-seaside-town-on-an-island-summer-travel_t20_7l2Ba4-scaled-1.jpg 2560w, https:\/\/www.residencenevenka.com\/wp-content\/uploads\/2024\/05\/sunset-over-the-ocean-as-seen-from-a-hill-on-an-island-a-seaside-town-on-an-island-summer-travel_t20_7l2Ba4-scaled-1-1024x524.jpg 1024w, https:\/\/www.residencenevenka.com\/wp-content\/uploads\/2024\/05\/sunset-over-the-ocean-as-seen-from-a-hill-on-an-island-a-seaside-town-on-an-island-summer-travel_t20_7l2Ba4-scaled-1-1400x717.jpg 1400w, https:\/\/www.residencenevenka.com\/wp-content\/uploads\/2024\/05\/sunset-over-the-ocean-as-seen-from-a-hill-on-an-island-a-seaside-town-on-an-island-summer-travel_t20_7l2Ba4-scaled-1-768x393.jpg 768w, https:\/\/www.residencenevenka.com\/wp-content\/uploads\/2024\/05\/sunset-over-the-ocean-as-seen-from-a-hill-on-an-island-a-seaside-town-on-an-island-summer-travel_t20_7l2Ba4-scaled-1-1536x787.jpg 1536w, https:\/\/www.residencenevenka.com\/wp-content\/uploads\/2024\/05\/sunset-over-the-ocean-as-seen-from-a-hill-on-an-island-a-seaside-town-on-an-island-summer-travel_t20_7l2Ba4-scaled-1-2048x1049.jpg 2048w\" sizes=\"auto, (max-width: 2560px) 100vw, 2560px\" \/>\t\t<\/div>\n\t<\/div>\n<\/section>\n\n<section class=\"nvk-map\">\n\t\t\t<div class=\"acf-map\" data-zoom=\"8\">\n\t\t\t<div class=\"marker\" data-lat=\"44.519141482624\" data-lng=\"14.507130508073\"><\/div>\n\t\t<\/div>\n\t<\/section>","protected":false},"excerpt":{"rendered":"","protected":false},"author":1,"featured_media":0,"parent":0,"menu_order":0,"comment_status":"closed","ping_status":"closed","template":"custom_page.php","meta":{"_acf_changed":false,"_seopress_robots_primary_cat":"","_seopress_titles_title":"Residence Nevenka - Camere e appartamenti a Lussingrande (Croazia)","_seopress_titles_desc":"Affacciato sulla pittoresca baia di Rovenska a Lussingrande nell'isola di Lussino, circondato da una centenaria pineta ai piedi di una dolce collina, il Residence Nevenka \u00e8 un luogo accogliente e confortevole che offre ospitalit\u00e0 grazie ai suoi ambienti comodi ed eleganti.","_seopress_robots_index":"","footnotes":""},"class_list":["post-42","page","type-page","status-publish","hentry"],"acf":[],"_links":{"self":[{"href":"https:\/\/www.residencenevenka.com\/it\/wp-json\/wp\/v2\/pages\/42","targetHints":{"allow":["GET"]}}],"collection":[{"href":"https:\/\/www.residencenevenka.com\/it\/wp-json\/wp\/v2\/pages"}],"about":[{"href":"https:\/\/www.residencenevenka.com\/it\/wp-json\/wp\/v2\/types\/page"}],"author":[{"embeddable":true,"href":"https:\/\/www.residencenevenka.com\/it\/wp-json\/wp\/v2\/users\/1"}],"replies":[{"embeddable":true,"href":"https:\/\/www.residencenevenka.com\/it\/wp-json\/wp\/v2\/comments?post=42"}],"version-history":[{"count":191,"href":"https:\/\/www.residencenevenka.com\/it\/wp-json\/wp\/v2\/pages\/42\/revisions"}],"predecessor-version":[{"id":4630,"href":"https:\/\/www.residencenevenka.com\/it\/wp-json\/wp\/v2\/pages\/42\/revisions\/4630"}],"wp:attachment":[{"href":"https:\/\/www.residencenevenka.com\/it\/wp-json\/wp\/v2\/media?parent=42"}],"curies":[{"name":"wp","href":"https:\/\/api.w.org\/{rel}","templated":true}]}}