{"id":211,"date":"2021-05-14T12:25:35","date_gmt":"2021-05-14T10:25:35","guid":{"rendered":"https:\/\/www.residencenevenka.com\/demo\/?page_id=211"},"modified":"2024-06-12T16:02:11","modified_gmt":"2024-06-12T14:02:11","slug":"residence-nevenka","status":"publish","type":"page","link":"https:\/\/www.residencenevenka.com\/it\/residence-nevenka\/","title":{"rendered":"Residence Nevenka"},"content":{"rendered":"\n<section class=\"nevenka_intro_image testimonial\" id=\"testimonial-block_2cb9901863f37d83f44e3d93a6555962\">\n\t<div class=\"title container\">\n\t\t<h1 class=\"mask\"><span>Lussino. Un incanto in mezzo al mare.<\/span><\/h1>\n\t<\/div>\n\t<img loading=\"lazy\" decoding=\"async\" width=\"1400\" height=\"1050\" src=\"https:\/\/www.residencenevenka.com\/wp-content\/uploads\/2024\/06\/aeree-rovenska-2024-00023-1400x1050.jpg\" class=\"attachment-large size-large\" alt=\"\" srcset=\"https:\/\/www.residencenevenka.com\/wp-content\/uploads\/2024\/06\/aeree-rovenska-2024-00023-1400x1050.jpg 1400w, https:\/\/www.residencenevenka.com\/wp-content\/uploads\/2024\/06\/aeree-rovenska-2024-00023-1024x768.jpg 1024w, https:\/\/www.residencenevenka.com\/wp-content\/uploads\/2024\/06\/aeree-rovenska-2024-00023-768x576.jpg 768w, https:\/\/www.residencenevenka.com\/wp-content\/uploads\/2024\/06\/aeree-rovenska-2024-00023-1536x1152.jpg 1536w, https:\/\/www.residencenevenka.com\/wp-content\/uploads\/2024\/06\/aeree-rovenska-2024-00023.jpg 2000w\" sizes=\"auto, (max-width: 1400px) 100vw, 1400px\" \/>\t<\/section>\n\n\n<section class=\"about-text\">\n\t<div class=\"container\">\n\t\t<div class=\"fadeup title center\">\n\t\t\t<div class=\"lineup\"><\/div>\n\t\t\t<div class=\"col-lg-8\">\n\t\t\t\t<h2><span>Il Residence Nevenka<\/span><br\/>\u00e8 il paradiso che avete sempre sognato<\/h2>\n\t\t\t<\/div>\n\t\t<\/div>\n\t\t<div class=\"fadeup text row center\">\n\t\t\t<div class=\"col-lg-6\">\n\t\t\t\t<p><p>Soggiornare nella baia di Rovenska a Lussingrande \u00e8 un\u2019esperienza che non dimenticherete facilmente: il mare color smeraldo e il verde delle centenarie e selvagge pinete vi abbraccer\u00e0 senza pi\u00f9 lasciarvi ristorandovi il corpo e lo spirito.<span class=\"Apple-converted-space\">\u00a0<\/span><\/p>\n<\/p>\n\t\t\t<\/div>\n\t\t<\/div>\n\t\t<div class=\"image row center\">\n\t\t\t<div class=\"nvk_mask col-lg-8 p-0\">\n\t\t\t\t<img loading=\"lazy\" decoding=\"async\" width=\"1200\" height=\"800\" src=\"https:\/\/www.residencenevenka.com\/wp-content\/uploads\/2023\/06\/croatia-istria-losinj-rovenska.jpg\" class=\"attachment-large size-large\" alt=\"\" srcset=\"https:\/\/www.residencenevenka.com\/wp-content\/uploads\/2023\/06\/croatia-istria-losinj-rovenska.jpg 1200w, https:\/\/www.residencenevenka.com\/wp-content\/uploads\/2023\/06\/croatia-istria-losinj-rovenska-1024x683.jpg 1024w, https:\/\/www.residencenevenka.com\/wp-content\/uploads\/2023\/06\/croatia-istria-losinj-rovenska-768x512.jpg 768w\" sizes=\"auto, (max-width: 1200px) 100vw, 1200px\" \/>\t\t\t<\/div>\n\t\t<\/div>\n\t<\/div>\n<\/section>\n\n\n<section class=\"about-text\">\n\t<div class=\"container\">\n\t\t<div class=\"fadeup title center\">\n\t\t\t<div class=\"lineup\"><\/div>\n\t\t\t<div class=\"col-lg-8\">\n\t\t\t\t<h2>Il luogo ideale<br> per abbandonarsi<br> al <span>totale relax<\/span><\/h2>\n\t\t\t<\/div>\n\t\t<\/div>\n\t\t<div class=\"fadeup text row center\">\n\t\t\t<div class=\"col-lg-6\">\n\t\t\t\t<p><p>Rilassatevi all&#8217;ombra della pineta che circonda la baia e riscoprite il piacere dei suoni e dei profumi del mare.<\/p>\n<\/p>\n\t\t\t<\/div>\n\t\t<\/div>\n\t\t<div class=\"image row center\">\n\t\t\t<div class=\"nvk_mask col-lg-8 p-0\">\n\t\t\t\t<img loading=\"lazy\" decoding=\"async\" width=\"1400\" height=\"933\" src=\"https:\/\/www.residencenevenka.com\/wp-content\/uploads\/2024\/06\/IMG_0275-1400x933.jpg\" class=\"attachment-large size-large\" alt=\"\" srcset=\"https:\/\/www.residencenevenka.com\/wp-content\/uploads\/2024\/06\/IMG_0275-1400x933.jpg 1400w, https:\/\/www.residencenevenka.com\/wp-content\/uploads\/2024\/06\/IMG_0275-1024x683.jpg 1024w, https:\/\/www.residencenevenka.com\/wp-content\/uploads\/2024\/06\/IMG_0275-768x512.jpg 768w, https:\/\/www.residencenevenka.com\/wp-content\/uploads\/2024\/06\/IMG_0275-1536x1024.jpg 1536w, https:\/\/www.residencenevenka.com\/wp-content\/uploads\/2024\/06\/IMG_0275-2048x1365.jpg 2048w\" sizes=\"auto, (max-width: 1400px) 100vw, 1400px\" \/>\t\t\t<\/div>\n\t\t<\/div>\n\t<\/div>\n<\/section>\n\n\n<section class=\"about-text\">\n\t<div class=\"container\">\n\t\t<div class=\"fadeup title center\">\n\t\t\t<div class=\"lineup\"><\/div>\n\t\t\t<div class=\"col-lg-8\">\n\t\t\t\t<h2>Un&#8217;oasi di <span>gusto<\/span><\/h2>\n\t\t\t<\/div>\n\t\t<\/div>\n\t\t<div class=\"fadeup text row center\">\n\t\t\t<div class=\"col-lg-6\">\n\t\t\t\t<p><p>Oltre alle sue bellissime coste la Croazia propone un&#8217;ottima cucina di terra e di mare: dai pi\u00f9 celebri <strong>\u0107evap\u010di\u0107i<\/strong> alla <strong>peka di agnello<\/strong>, dai fritti di pesce fresco al pescato del giorno passando per il celebre <strong>polipo in peka<\/strong>, una vera delizia per il palato. Non potrete lasciare Lussino senza averlo provato.<\/p>\n<\/p>\n\t\t\t<\/div>\n\t\t<\/div>\n\t\t<div class=\"image row center\">\n\t\t\t<div class=\"nvk_mask col-lg-8 p-0\">\n\t\t\t\t<img loading=\"lazy\" decoding=\"async\" width=\"1000\" height=\"667\" src=\"https:\/\/www.residencenevenka.com\/wp-content\/uploads\/2024\/05\/45000.jpg\" class=\"attachment-large size-large\" alt=\"\" srcset=\"https:\/\/www.residencenevenka.com\/wp-content\/uploads\/2024\/05\/45000.jpg 1000w, https:\/\/www.residencenevenka.com\/wp-content\/uploads\/2024\/05\/45000-768x512.jpg 768w\" sizes=\"auto, (max-width: 1000px) 100vw, 1000px\" \/>\t\t\t<\/div>\n\t\t<\/div>\n\t<\/div>\n<\/section>\n\n\n<section class=\"separatorimage\">\n\t<div class=\"container-fluid m-0 p-0\">\n\t\t<div class=\"fullimg\">\n\t\t\t<img loading=\"lazy\" decoding=\"async\" width=\"2000\" height=\"1324\" src=\"https:\/\/www.residencenevenka.com\/wp-content\/uploads\/2024\/06\/esterni-nevenka-2024-00003-edit.jpg\" class=\"attachment-full size-full\" alt=\"\" srcset=\"https:\/\/www.residencenevenka.com\/wp-content\/uploads\/2024\/06\/esterni-nevenka-2024-00003-edit.jpg 2000w, https:\/\/www.residencenevenka.com\/wp-content\/uploads\/2024\/06\/esterni-nevenka-2024-00003-edit-1024x678.jpg 1024w, https:\/\/www.residencenevenka.com\/wp-content\/uploads\/2024\/06\/esterni-nevenka-2024-00003-edit-1400x927.jpg 1400w, https:\/\/www.residencenevenka.com\/wp-content\/uploads\/2024\/06\/esterni-nevenka-2024-00003-edit-768x508.jpg 768w, https:\/\/www.residencenevenka.com\/wp-content\/uploads\/2024\/06\/esterni-nevenka-2024-00003-edit-1536x1017.jpg 1536w\" sizes=\"auto, (max-width: 2000px) 100vw, 2000px\" \/>\t\t<\/div>\n\t<\/div>\n<\/section>","protected":false},"excerpt":{"rendered":"","protected":false},"author":1,"featured_media":0,"parent":0,"menu_order":2,"comment_status":"closed","ping_status":"closed","template":"custom_page.php","meta":{"_acf_changed":false,"_seopress_robots_primary_cat":"","_seopress_titles_title":"%%post_title%% %%sep%% Lussingrande (Croazia)","_seopress_titles_desc":"Soggiornare nella baia di Rovenska a Lussingrande \u00e8 un\u2019esperienza che non dimenticherete facilmente: il mare color smeraldo e il verde delle centenarie e selvagge pinete vi abbraccer\u00e0 senza pi\u00f9 lasciarvi ristorandovi il corpo e lo spirito.\u00a0","_seopress_robots_index":"","footnotes":""},"class_list":["post-211","page","type-page","status-publish","hentry"],"acf":[],"_links":{"self":[{"href":"https:\/\/www.residencenevenka.com\/it\/wp-json\/wp\/v2\/pages\/211","targetHints":{"allow":["GET"]}}],"collection":[{"href":"https:\/\/www.residencenevenka.com\/it\/wp-json\/wp\/v2\/pages"}],"about":[{"href":"https:\/\/www.residencenevenka.com\/it\/wp-json\/wp\/v2\/types\/page"}],"author":[{"embeddable":true,"href":"https:\/\/www.residencenevenka.com\/it\/wp-json\/wp\/v2\/users\/1"}],"replies":[{"embeddable":true,"href":"https:\/\/www.residencenevenka.com\/it\/wp-json\/wp\/v2\/comments?post=211"}],"version-history":[{"count":85,"href":"https:\/\/www.residencenevenka.com\/it\/wp-json\/wp\/v2\/pages\/211\/revisions"}],"predecessor-version":[{"id":4585,"href":"https:\/\/www.residencenevenka.com\/it\/wp-json\/wp\/v2\/pages\/211\/revisions\/4585"}],"wp:attachment":[{"href":"https:\/\/www.residencenevenka.com\/it\/wp-json\/wp\/v2\/media?parent=211"}],"curies":[{"name":"wp","href":"https:\/\/api.w.org\/{rel}","templated":true}]}}