{"id":4312,"date":"2021-05-14T12:25:35","date_gmt":"2021-05-14T10:25:35","guid":{"rendered":"https:\/\/www.residencenevenka.com\/demo\/?page_id=4312"},"modified":"2024-06-12T16:02:24","modified_gmt":"2024-06-12T14:02:24","slug":"residence-nevenka","status":"publish","type":"page","link":"https:\/\/www.residencenevenka.com\/en\/residence-nevenka\/","title":{"rendered":"Residence Nevenka"},"content":{"rendered":"\n<section class=\"nevenka_intro_image testimonial\" id=\"testimonial-block_2c735c6fe455d3e402faa975f4c2f876\">\n\t<div class=\"title container\">\n\t\t<h1 class=\"mask\"><span>Veli Lo\u0161inj. Island of wonders.<\/span><\/h1>\n\t<\/div>\n\t<img loading=\"lazy\" decoding=\"async\" width=\"1400\" height=\"1050\" src=\"https:\/\/www.residencenevenka.com\/wp-content\/uploads\/2024\/06\/aeree-rovenska-2024-00023-1400x1050.jpg\" class=\"attachment-large size-large\" alt=\"\" srcset=\"https:\/\/www.residencenevenka.com\/wp-content\/uploads\/2024\/06\/aeree-rovenska-2024-00023-1400x1050.jpg 1400w, https:\/\/www.residencenevenka.com\/wp-content\/uploads\/2024\/06\/aeree-rovenska-2024-00023-1024x768.jpg 1024w, https:\/\/www.residencenevenka.com\/wp-content\/uploads\/2024\/06\/aeree-rovenska-2024-00023-768x576.jpg 768w, https:\/\/www.residencenevenka.com\/wp-content\/uploads\/2024\/06\/aeree-rovenska-2024-00023-1536x1152.jpg 1536w, https:\/\/www.residencenevenka.com\/wp-content\/uploads\/2024\/06\/aeree-rovenska-2024-00023.jpg 2000w\" sizes=\"auto, (max-width: 1400px) 100vw, 1400px\" \/>\t<\/section>\n\n\n<section class=\"about-text\">\n\t<div class=\"container\">\n\t\t<div class=\"fadeup title center\">\n\t\t\t<div class=\"lineup\"><\/div>\n\t\t\t<div class=\"col-lg-8\">\n\t\t\t\t<h2><span>Residence Nevenka<\/span><br\/> is the paradise you\u2019ve always dreamed of.<\/h2>\n\t\t\t<\/div>\n\t\t<\/div>\n\t\t<div class=\"fadeup text row center\">\n\t\t\t<div class=\"col-lg-6\">\n\t\t\t\t<p><p>Staying in our residence overlooking the bay of Rovenska is an experience that you will not easily forget: the emerald sea and the green of the centuries-old and wild pine forests will embrace you without leaving you, restoring your body and spirit.<\/p>\n<\/p>\n\t\t\t<\/div>\n\t\t<\/div>\n\t\t<div class=\"image row center\">\n\t\t\t<div class=\"nvk_mask col-lg-8 p-0\">\n\t\t\t\t<img loading=\"lazy\" decoding=\"async\" width=\"1200\" height=\"800\" src=\"https:\/\/www.residencenevenka.com\/wp-content\/uploads\/2023\/06\/croatia-istria-losinj-rovenska.jpg\" class=\"attachment-large size-large\" alt=\"\" srcset=\"https:\/\/www.residencenevenka.com\/wp-content\/uploads\/2023\/06\/croatia-istria-losinj-rovenska.jpg 1200w, https:\/\/www.residencenevenka.com\/wp-content\/uploads\/2023\/06\/croatia-istria-losinj-rovenska-1024x683.jpg 1024w, https:\/\/www.residencenevenka.com\/wp-content\/uploads\/2023\/06\/croatia-istria-losinj-rovenska-768x512.jpg 768w\" sizes=\"auto, (max-width: 1200px) 100vw, 1200px\" \/>\t\t\t<\/div>\n\t\t<\/div>\n\t<\/div>\n<\/section>\n\n\n<section class=\"about-text\">\n\t<div class=\"container\">\n\t\t<div class=\"fadeup title center\">\n\t\t\t<div class=\"lineup\"><\/div>\n\t\t\t<div class=\"col-lg-8\">\n\t\t\t\t<h2>The ideal place to <span>relax<\/span><\/h2>\n\t\t\t<\/div>\n\t\t<\/div>\n\t\t<div class=\"fadeup text row center\">\n\t\t\t<div class=\"col-lg-6\">\n\t\t\t\t<p><p>Relax in the shade of the pine forest that surrounds the bay and rediscover the pleasure of the sounds and scents of the sea.<\/p>\n<\/p>\n\t\t\t<\/div>\n\t\t<\/div>\n\t\t<div class=\"image row center\">\n\t\t\t<div class=\"nvk_mask col-lg-8 p-0\">\n\t\t\t\t<img loading=\"lazy\" decoding=\"async\" width=\"1400\" height=\"933\" src=\"https:\/\/www.residencenevenka.com\/wp-content\/uploads\/2024\/06\/IMG_0275-1400x933.jpg\" class=\"attachment-large size-large\" alt=\"\" srcset=\"https:\/\/www.residencenevenka.com\/wp-content\/uploads\/2024\/06\/IMG_0275-1400x933.jpg 1400w, https:\/\/www.residencenevenka.com\/wp-content\/uploads\/2024\/06\/IMG_0275-1024x683.jpg 1024w, https:\/\/www.residencenevenka.com\/wp-content\/uploads\/2024\/06\/IMG_0275-768x512.jpg 768w, https:\/\/www.residencenevenka.com\/wp-content\/uploads\/2024\/06\/IMG_0275-1536x1024.jpg 1536w, https:\/\/www.residencenevenka.com\/wp-content\/uploads\/2024\/06\/IMG_0275-2048x1365.jpg 2048w\" sizes=\"auto, (max-width: 1400px) 100vw, 1400px\" \/>\t\t\t<\/div>\n\t\t<\/div>\n\t<\/div>\n<\/section>\n\n\n<section class=\"about-text\">\n\t<div class=\"container\">\n\t\t<div class=\"fadeup title center\">\n\t\t\t<div class=\"lineup\"><\/div>\n\t\t\t<div class=\"col-lg-8\">\n\t\t\t\t<h2>An oasis of <span>taste<\/span><\/h2>\n\t\t\t<\/div>\n\t\t<\/div>\n\t\t<div class=\"fadeup text row center\">\n\t\t\t<div class=\"col-lg-6\">\n\t\t\t\t<p><p>In addition to its beautiful coves, Lo\u0161inj is known as the &#8220;island of vitality\u201d, a magical blend of health, culture, fragrances of the archipelago and gastronomy. Lo\u0161inj cuisine is rich with flavours and aromas of the Mediterranean, and the dishes are still prepared in the traditional way: from the most famous <strong>\u0107evap\u010di\u0107i<\/strong> to <strong>lamb peka<\/strong>, from fried fresh fish to the catch of the day, passing through the famous <strong>octopus in peka<\/strong>, a real delight for the palate. You won&#8217;t be able to leave Lo\u0161inj without trying it.<\/p>\n<\/p>\n\t\t\t<\/div>\n\t\t<\/div>\n\t\t<div class=\"image row center\">\n\t\t\t<div class=\"nvk_mask col-lg-8 p-0\">\n\t\t\t\t<img loading=\"lazy\" decoding=\"async\" width=\"1000\" height=\"667\" src=\"https:\/\/www.residencenevenka.com\/wp-content\/uploads\/2024\/05\/45000.jpg\" class=\"attachment-large size-large\" alt=\"\" srcset=\"https:\/\/www.residencenevenka.com\/wp-content\/uploads\/2024\/05\/45000.jpg 1000w, https:\/\/www.residencenevenka.com\/wp-content\/uploads\/2024\/05\/45000-768x512.jpg 768w\" sizes=\"auto, (max-width: 1000px) 100vw, 1000px\" \/>\t\t\t<\/div>\n\t\t<\/div>\n\t<\/div>\n<\/section>\n\n\n<section class=\"separatorimage\">\n\t<div class=\"container-fluid m-0 p-0\">\n\t\t<div class=\"fullimg\">\n\t\t\t<img loading=\"lazy\" decoding=\"async\" width=\"2000\" height=\"1324\" src=\"https:\/\/www.residencenevenka.com\/wp-content\/uploads\/2024\/06\/esterni-nevenka-2024-00003-edit.jpg\" class=\"attachment-full size-full\" alt=\"\" srcset=\"https:\/\/www.residencenevenka.com\/wp-content\/uploads\/2024\/06\/esterni-nevenka-2024-00003-edit.jpg 2000w, https:\/\/www.residencenevenka.com\/wp-content\/uploads\/2024\/06\/esterni-nevenka-2024-00003-edit-1024x678.jpg 1024w, https:\/\/www.residencenevenka.com\/wp-content\/uploads\/2024\/06\/esterni-nevenka-2024-00003-edit-1400x927.jpg 1400w, https:\/\/www.residencenevenka.com\/wp-content\/uploads\/2024\/06\/esterni-nevenka-2024-00003-edit-768x508.jpg 768w, https:\/\/www.residencenevenka.com\/wp-content\/uploads\/2024\/06\/esterni-nevenka-2024-00003-edit-1536x1017.jpg 1536w\" sizes=\"auto, (max-width: 2000px) 100vw, 2000px\" \/>\t\t<\/div>\n\t<\/div>\n<\/section>","protected":false},"excerpt":{"rendered":"","protected":false},"author":1,"featured_media":0,"parent":0,"menu_order":2,"comment_status":"closed","ping_status":"closed","template":"custom_page.php","meta":{"_acf_changed":false,"_seopress_robots_primary_cat":"","_seopress_titles_title":"%%post_title%% %%sep%% Veli Lo\u0161inj (Croatia)","_seopress_titles_desc":"Staying in our residence overlooking the bay of Rovenska is an experience that you will not easily forget: the emerald sea and the green of the centuries-old and wild pine forests will embrace you without leaving you, restoring your body and spirit.","_seopress_robots_index":"","footnotes":""},"class_list":["post-4312","page","type-page","status-publish","hentry"],"acf":[],"_links":{"self":[{"href":"https:\/\/www.residencenevenka.com\/en\/wp-json\/wp\/v2\/pages\/4312","targetHints":{"allow":["GET"]}}],"collection":[{"href":"https:\/\/www.residencenevenka.com\/en\/wp-json\/wp\/v2\/pages"}],"about":[{"href":"https:\/\/www.residencenevenka.com\/en\/wp-json\/wp\/v2\/types\/page"}],"author":[{"embeddable":true,"href":"https:\/\/www.residencenevenka.com\/en\/wp-json\/wp\/v2\/users\/1"}],"replies":[{"embeddable":true,"href":"https:\/\/www.residencenevenka.com\/en\/wp-json\/wp\/v2\/comments?post=4312"}],"version-history":[{"count":7,"href":"https:\/\/www.residencenevenka.com\/en\/wp-json\/wp\/v2\/pages\/4312\/revisions"}],"predecessor-version":[{"id":4586,"href":"https:\/\/www.residencenevenka.com\/en\/wp-json\/wp\/v2\/pages\/4312\/revisions\/4586"}],"wp:attachment":[{"href":"https:\/\/www.residencenevenka.com\/en\/wp-json\/wp\/v2\/media?parent=4312"}],"curies":[{"name":"wp","href":"https:\/\/api.w.org\/{rel}","templated":true}]}}