{"id":4306,"date":"2024-05-07T18:32:38","date_gmt":"2024-05-07T16:32:38","guid":{"rendered":"https:\/\/www.residencenevenka.com\/demo\/?page_id=4306"},"modified":"2024-06-12T09:52:07","modified_gmt":"2024-06-12T07:52:07","slug":"veli-losinj","status":"publish","type":"page","link":"https:\/\/www.residencenevenka.com\/en\/veli-losinj\/","title":{"rendered":"Veli Lo\u0161inj"},"content":{"rendered":"\n<section class=\"nevenka_intro_image testimonial\" id=\"testimonial-block_717abfe77f15eb37aa2575031cbf4913\">\n\t<div class=\"title container\">\n\t\t<h1 class=\"mask\"><span>Veli Lo\u0161inj<\/span><\/h1>\n\t<\/div>\n\t\t\t<div class=\"video-box\">\n\t\t<video onloadedmetadata=\"this.muted = true\" loop autoplay playsinline muted id=\"start_video\">\n\t\t\t<source src=\"https:\/\/www.residencenevenka.com\/wp-content\/uploads\/2024\/05\/1711222_Losinj_Veli-Losinj_Panorama_1280x720.mp4\" type=\"video\/mp4\">\n\t\t<\/video>\n\t<\/div>\n\t<\/section>\n\n\n<section class=\"imagetext\">\n\t<div class=\"container-fluid m-0 p-0\">\n\t\t<div class=\"row no-gutters\">\n\t\t\t<div class=\"left_col col-lg-6\">\n\t\t\t\t\t\t\t\t\t\t\t\t\t\t\t\n\t\t\t\t\t\t<div class=\"fadeup\">\n\t\t\t\t\t\t\t<h2>An Adriatic treasure<\/h2>\n\t\t\t\t\t\t\t<div class=\"text\">\n\t\t\t\t\t\t\t\t<p><p>Veli Lo\u0161inj is a small village on the island of Lo\u0161inj, located in the southern part of the Kvarner archipelago. It is part of the municipality of Mali Lo\u0161inj and overlooks two beautiful bays: Veli Lo\u0161inj Bay and Rovenska Bay where the Nevenka Residence is located.<\/p>\n<\/p>\n\t\t\t\t\t\t\t\t\t\t\t\t\t\t\t\t\t\t\t\t\t\t\t\t<img decoding=\"async\" src=\"https:\/\/www.residencenevenka.com\/wp-content\/uploads\/2024\/05\/6554074-1024x682.jpg\">\n\t\t\t\t\t\t\t\t\t\t\t\t\t\t\t\t\n\t\t\t\t\t\t\t\t\t\t\t\t\t\t\t\t\n\t\t\t\t\t\t\t\t\t\t\t\t\t\t\t<\/div>\n\t\t\t\t\t\t<\/div>\n\t\t\t\t\t\t\t\t\t\t\t\n\t\t\t\t\t\t<div class=\"fadeup\">\n\t\t\t\t\t\t\t<h2>Rovenska bay and its small port<\/h2>\n\t\t\t\t\t\t\t<div class=\"text\">\n\t\t\t\t\t\t\t\t<p><p>The small and quiet harbour, once a fishing village, is the starting point to discover the romantic conformations of Rovenska: the beauty of the pebble beach and the surrounding enchanting bays and coves will be the setting for a relaxing and harmonious holiday.<\/p>\n<\/p>\n\t\t\t\t\t\t\t\t\t\t\t\t\t\t\t\t\t\t\t\t\t\t\t\t\n\t\t\t\t\t\t\t\t\t\t\t\t\t\t\t\t<!-- Slider main container -->\n\t\t\t\t\t\t\t\t<div class=\"swiper gallery mySwiper\">\n\t\t\t\t\t\t\t\t\t<!-- Additional required wrapper -->\n\t\t\t\t\t\t\t\t\t<div class=\"swiper-wrapper\">\n\t\t\t\t\t\t\t\t\t\t<!-- Slides -->\n\t\t\t\t\t\t\t\t\t\t\t\t\t\t\t\t\t\t\t\t<div class=\"swiper-slide\">\n\t\t\t\t\t\t\t\t\t\t\t<img loading=\"lazy\" decoding=\"async\" width=\"1024\" height=\"683\" src=\"https:\/\/www.residencenevenka.com\/wp-content\/uploads\/2024\/05\/rovenska-porto-1024x683.jpeg\" class=\"attachment-medium size-medium\" alt=\"\" srcset=\"https:\/\/www.residencenevenka.com\/wp-content\/uploads\/2024\/05\/rovenska-porto-1024x683.jpeg 1024w, https:\/\/www.residencenevenka.com\/wp-content\/uploads\/2024\/05\/rovenska-porto-1400x934.jpeg 1400w, https:\/\/www.residencenevenka.com\/wp-content\/uploads\/2024\/05\/rovenska-porto-768x512.jpeg 768w, https:\/\/www.residencenevenka.com\/wp-content\/uploads\/2024\/05\/rovenska-porto-1536x1025.jpeg 1536w, https:\/\/www.residencenevenka.com\/wp-content\/uploads\/2024\/05\/rovenska-porto.jpeg 2000w\" sizes=\"auto, (max-width: 1024px) 100vw, 1024px\" \/>\t\t\t\t\t\t\t\t\t\t<\/div>\n\t\t\t\t\t\t\t\t\t\t\t\t\t\t\t\t\t\t\t\t<div class=\"swiper-slide\">\n\t\t\t\t\t\t\t\t\t\t\t<img loading=\"lazy\" decoding=\"async\" width=\"1024\" height=\"768\" src=\"https:\/\/www.residencenevenka.com\/wp-content\/uploads\/2024\/06\/aeree-rovenska-2024-00006-1024x768.jpg\" class=\"attachment-medium size-medium\" alt=\"\" srcset=\"https:\/\/www.residencenevenka.com\/wp-content\/uploads\/2024\/06\/aeree-rovenska-2024-00006-1024x768.jpg 1024w, https:\/\/www.residencenevenka.com\/wp-content\/uploads\/2024\/06\/aeree-rovenska-2024-00006-1400x1050.jpg 1400w, https:\/\/www.residencenevenka.com\/wp-content\/uploads\/2024\/06\/aeree-rovenska-2024-00006-768x576.jpg 768w, https:\/\/www.residencenevenka.com\/wp-content\/uploads\/2024\/06\/aeree-rovenska-2024-00006-1536x1152.jpg 1536w, https:\/\/www.residencenevenka.com\/wp-content\/uploads\/2024\/06\/aeree-rovenska-2024-00006.jpg 2000w\" sizes=\"auto, (max-width: 1024px) 100vw, 1024px\" \/>\t\t\t\t\t\t\t\t\t\t<\/div>\n\t\t\t\t\t\t\t\t\t\t\t\t\t\t\t\t\t\t\t\t<div class=\"swiper-slide\">\n\t\t\t\t\t\t\t\t\t\t\t<img loading=\"lazy\" decoding=\"async\" width=\"1024\" height=\"768\" src=\"https:\/\/www.residencenevenka.com\/wp-content\/uploads\/2024\/06\/aeree-rovenska-2024-00034-1024x768.jpg\" class=\"attachment-medium size-medium\" alt=\"\" srcset=\"https:\/\/www.residencenevenka.com\/wp-content\/uploads\/2024\/06\/aeree-rovenska-2024-00034-1024x768.jpg 1024w, https:\/\/www.residencenevenka.com\/wp-content\/uploads\/2024\/06\/aeree-rovenska-2024-00034-1400x1050.jpg 1400w, https:\/\/www.residencenevenka.com\/wp-content\/uploads\/2024\/06\/aeree-rovenska-2024-00034-768x576.jpg 768w, https:\/\/www.residencenevenka.com\/wp-content\/uploads\/2024\/06\/aeree-rovenska-2024-00034-1536x1152.jpg 1536w, https:\/\/www.residencenevenka.com\/wp-content\/uploads\/2024\/06\/aeree-rovenska-2024-00034.jpg 2000w\" sizes=\"auto, (max-width: 1024px) 100vw, 1024px\" \/>\t\t\t\t\t\t\t\t\t\t<\/div>\n\t\t\t\t\t\t\t\t\t\t\t\t\t\t\t\t\t\t\t<\/div>\n\t\t\t\t\t\t\t\t\t<!-- Add Pagination -->\n\t\t\t\t\t\t\t\t\t<div class=\"swiper-pagination\"><\/div>\n\t\t\t\t\t\t\t\t<\/div>\n\t\t\t\t\t\t\t\t\t\t\t\t\t\t\t\t\n\t\t\t\t\t\t\t\t\t\t\t\t\t\t\t<\/div>\n\t\t\t\t\t\t<\/div>\n\t\t\t\t\t\t\t\t\t\t\t\n\t\t\t\t\t\t<div class=\"fadeup\">\n\t\t\t\t\t\t\t<h2>The pebbles beach<\/h2>\n\t\t\t\t\t\t\t<div class=\"text\">\n\t\t\t\t\t\t\t\t<p><p>Just a 5-minute walk from the residence you can reach the pebble beach of Rovenska, renowned for its beauty and crystal clear waters that invite swimming and snorkeling. The surrounding area also offers interesting opportunities to explore nature with scenic trails that wind along the coast, allowing you to discover breathtaking views and a rich flora and fauna typical of this region.<\/p>\n<\/p>\n\t\t\t\t\t\t\t\t\t\t\t\t\t\t\t\t\t\t\t\t\t\t\t\t\n\t\t\t\t\t\t\t\t\t\t\t\t\t\t\t\t<!-- Slider main container -->\n\t\t\t\t\t\t\t\t<div class=\"swiper gallery mySwiper\">\n\t\t\t\t\t\t\t\t\t<!-- Additional required wrapper -->\n\t\t\t\t\t\t\t\t\t<div class=\"swiper-wrapper\">\n\t\t\t\t\t\t\t\t\t\t<!-- Slides -->\n\t\t\t\t\t\t\t\t\t\t\t\t\t\t\t\t\t\t\t\t<div class=\"swiper-slide\">\n\t\t\t\t\t\t\t\t\t\t\t<img loading=\"lazy\" decoding=\"async\" width=\"1024\" height=\"768\" src=\"https:\/\/www.residencenevenka.com\/wp-content\/uploads\/2024\/06\/aeree-rovenska-2024-00007-1024x768.jpg\" class=\"attachment-medium size-medium\" alt=\"\" srcset=\"https:\/\/www.residencenevenka.com\/wp-content\/uploads\/2024\/06\/aeree-rovenska-2024-00007-1024x768.jpg 1024w, https:\/\/www.residencenevenka.com\/wp-content\/uploads\/2024\/06\/aeree-rovenska-2024-00007-1400x1050.jpg 1400w, https:\/\/www.residencenevenka.com\/wp-content\/uploads\/2024\/06\/aeree-rovenska-2024-00007-768x576.jpg 768w, https:\/\/www.residencenevenka.com\/wp-content\/uploads\/2024\/06\/aeree-rovenska-2024-00007-1536x1152.jpg 1536w, https:\/\/www.residencenevenka.com\/wp-content\/uploads\/2024\/06\/aeree-rovenska-2024-00007.jpg 2000w\" sizes=\"auto, (max-width: 1024px) 100vw, 1024px\" \/>\t\t\t\t\t\t\t\t\t\t<\/div>\n\t\t\t\t\t\t\t\t\t\t\t\t\t\t\t\t\t\t\t\t<div class=\"swiper-slide\">\n\t\t\t\t\t\t\t\t\t\t\t<img loading=\"lazy\" decoding=\"async\" width=\"1024\" height=\"682\" src=\"https:\/\/www.residencenevenka.com\/wp-content\/uploads\/2024\/05\/IMG_0203-1024x682.jpeg\" class=\"attachment-medium size-medium\" alt=\"\" srcset=\"https:\/\/www.residencenevenka.com\/wp-content\/uploads\/2024\/05\/IMG_0203-1024x682.jpeg 1024w, https:\/\/www.residencenevenka.com\/wp-content\/uploads\/2024\/05\/IMG_0203-1400x933.jpeg 1400w, https:\/\/www.residencenevenka.com\/wp-content\/uploads\/2024\/05\/IMG_0203-768x512.jpeg 768w, https:\/\/www.residencenevenka.com\/wp-content\/uploads\/2024\/05\/IMG_0203-1536x1024.jpeg 1536w, https:\/\/www.residencenevenka.com\/wp-content\/uploads\/2024\/05\/IMG_0203.jpeg 2000w\" sizes=\"auto, (max-width: 1024px) 100vw, 1024px\" \/>\t\t\t\t\t\t\t\t\t\t<\/div>\n\t\t\t\t\t\t\t\t\t\t\t\t\t\t\t\t\t\t\t\t<div class=\"swiper-slide\">\n\t\t\t\t\t\t\t\t\t\t\t<img loading=\"lazy\" decoding=\"async\" width=\"1024\" height=\"682\" src=\"https:\/\/www.residencenevenka.com\/wp-content\/uploads\/2024\/05\/IMG_0205-1024x682.jpeg\" class=\"attachment-medium size-medium\" alt=\"\" srcset=\"https:\/\/www.residencenevenka.com\/wp-content\/uploads\/2024\/05\/IMG_0205-1024x682.jpeg 1024w, https:\/\/www.residencenevenka.com\/wp-content\/uploads\/2024\/05\/IMG_0205-1400x933.jpeg 1400w, https:\/\/www.residencenevenka.com\/wp-content\/uploads\/2024\/05\/IMG_0205-768x512.jpeg 768w, https:\/\/www.residencenevenka.com\/wp-content\/uploads\/2024\/05\/IMG_0205-1536x1024.jpeg 1536w, https:\/\/www.residencenevenka.com\/wp-content\/uploads\/2024\/05\/IMG_0205.jpeg 2000w\" sizes=\"auto, (max-width: 1024px) 100vw, 1024px\" \/>\t\t\t\t\t\t\t\t\t\t<\/div>\n\t\t\t\t\t\t\t\t\t\t\t\t\t\t\t\t\t\t\t\t<div class=\"swiper-slide\">\n\t\t\t\t\t\t\t\t\t\t\t<img loading=\"lazy\" decoding=\"async\" width=\"1024\" height=\"628\" src=\"https:\/\/www.residencenevenka.com\/wp-content\/uploads\/2021\/05\/IMG_E3445-1024x628.jpg\" class=\"attachment-medium size-medium\" alt=\"\" srcset=\"https:\/\/www.residencenevenka.com\/wp-content\/uploads\/2021\/05\/IMG_E3445-1024x628.jpg 1024w, https:\/\/www.residencenevenka.com\/wp-content\/uploads\/2021\/05\/IMG_E3445-1400x859.jpg 1400w, https:\/\/www.residencenevenka.com\/wp-content\/uploads\/2021\/05\/IMG_E3445-768x471.jpg 768w, https:\/\/www.residencenevenka.com\/wp-content\/uploads\/2021\/05\/IMG_E3445-1536x943.jpg 1536w, https:\/\/www.residencenevenka.com\/wp-content\/uploads\/2021\/05\/IMG_E3445.jpg 1600w\" sizes=\"auto, (max-width: 1024px) 100vw, 1024px\" \/>\t\t\t\t\t\t\t\t\t\t<\/div>\n\t\t\t\t\t\t\t\t\t\t\t\t\t\t\t\t\t\t\t<\/div>\n\t\t\t\t\t\t\t\t\t<!-- Add Pagination -->\n\t\t\t\t\t\t\t\t\t<div class=\"swiper-pagination\"><\/div>\n\t\t\t\t\t\t\t\t<\/div>\n\t\t\t\t\t\t\t\t\t\t\t\t\t\t\t\t\n\t\t\t\t\t\t\t\t\t\t\t\t\t\t\t<\/div>\n\t\t\t\t\t\t<\/div>\n\t\t\t\t\t\t\t\t\t\t\t\t<\/div>\n\t\t\t<div class=\"right_col col-lg-6\">\t\n\t\t\t\t<div class=\"image nvk_mask\">\t\t\n\t\t\t\t\t<img loading=\"lazy\" decoding=\"async\" width=\"904\" height=\"1024\" src=\"https:\/\/www.residencenevenka.com\/wp-content\/uploads\/2024\/05\/veli-losinj-island-losinj-croatia-from-904x1024.jpg\" class=\"attachment-medium size-medium\" alt=\"\" srcset=\"https:\/\/www.residencenevenka.com\/wp-content\/uploads\/2024\/05\/veli-losinj-island-losinj-croatia-from-904x1024.jpg 904w, https:\/\/www.residencenevenka.com\/wp-content\/uploads\/2024\/05\/veli-losinj-island-losinj-croatia-from-953x1080.jpg 953w, https:\/\/www.residencenevenka.com\/wp-content\/uploads\/2024\/05\/veli-losinj-island-losinj-croatia-from-768x870.jpg 768w, https:\/\/www.residencenevenka.com\/wp-content\/uploads\/2024\/05\/veli-losinj-island-losinj-croatia-from-1356x1536.jpg 1356w, https:\/\/www.residencenevenka.com\/wp-content\/uploads\/2024\/05\/veli-losinj-island-losinj-croatia-from.jpg 1765w\" sizes=\"auto, (max-width: 904px) 100vw, 904px\" \/>\t\t\t\t<\/div>\n\t\t\t<\/div>\n\t\t<\/div>\n\t<\/div>\n<\/section>\n\n\n<section class=\"separatorimage\">\n\t<div class=\"container-fluid m-0 p-0\">\n\t\t<div class=\"fullimg\">\n\t\t\t<img loading=\"lazy\" decoding=\"async\" width=\"1600\" height=\"1067\" src=\"https:\/\/www.residencenevenka.com\/wp-content\/uploads\/2021\/05\/veli-losinj-bay.jpg\" class=\"attachment-full size-full\" alt=\"\" srcset=\"https:\/\/www.residencenevenka.com\/wp-content\/uploads\/2021\/05\/veli-losinj-bay.jpg 1600w, https:\/\/www.residencenevenka.com\/wp-content\/uploads\/2021\/05\/veli-losinj-bay-1024x683.jpg 1024w, https:\/\/www.residencenevenka.com\/wp-content\/uploads\/2021\/05\/veli-losinj-bay-1400x934.jpg 1400w, https:\/\/www.residencenevenka.com\/wp-content\/uploads\/2021\/05\/veli-losinj-bay-768x512.jpg 768w, https:\/\/www.residencenevenka.com\/wp-content\/uploads\/2021\/05\/veli-losinj-bay-1536x1024.jpg 1536w\" sizes=\"auto, (max-width: 1600px) 100vw, 1600px\" \/>\t\t<\/div>\n\t<\/div>\n<\/section>\n\n<section class=\"nvk-map\">\n\t\t\t<div class=\"acf-map\" data-zoom=\"8\">\n\t\t\t<div class=\"marker\" data-lat=\"44.519141482624\" data-lng=\"14.507130508073\"><\/div>\n\t\t<\/div>\n\t<\/section>","protected":false},"excerpt":{"rendered":"","protected":false},"author":1,"featured_media":0,"parent":0,"menu_order":1,"comment_status":"closed","ping_status":"closed","template":"custom_page.php","meta":{"_acf_changed":false,"_seopress_robots_primary_cat":"","_seopress_titles_title":"%%post_title%% %%sep%% Residence Nevenka","_seopress_titles_desc":"Veli Lo\u0161inj is a small village on the island of Lo\u0161inj, located in the southern part of the Kvarner archipelago. It is part of the municipality of Mali Lo\u0161inj and overlooks two beautiful bays: Veli Lo\u0161inj Bay and Rovenska Bay where the Nevenka Residence is located.","_seopress_robots_index":"","footnotes":""},"class_list":["post-4306","page","type-page","status-publish","hentry"],"acf":[],"_links":{"self":[{"href":"https:\/\/www.residencenevenka.com\/en\/wp-json\/wp\/v2\/pages\/4306","targetHints":{"allow":["GET"]}}],"collection":[{"href":"https:\/\/www.residencenevenka.com\/en\/wp-json\/wp\/v2\/pages"}],"about":[{"href":"https:\/\/www.residencenevenka.com\/en\/wp-json\/wp\/v2\/types\/page"}],"author":[{"embeddable":true,"href":"https:\/\/www.residencenevenka.com\/en\/wp-json\/wp\/v2\/users\/1"}],"replies":[{"embeddable":true,"href":"https:\/\/www.residencenevenka.com\/en\/wp-json\/wp\/v2\/comments?post=4306"}],"version-history":[{"count":6,"href":"https:\/\/www.residencenevenka.com\/en\/wp-json\/wp\/v2\/pages\/4306\/revisions"}],"predecessor-version":[{"id":4542,"href":"https:\/\/www.residencenevenka.com\/en\/wp-json\/wp\/v2\/pages\/4306\/revisions\/4542"}],"wp:attachment":[{"href":"https:\/\/www.residencenevenka.com\/en\/wp-json\/wp\/v2\/media?parent=4306"}],"curies":[{"name":"wp","href":"https:\/\/api.w.org\/{rel}","templated":true}]}}